{"id":15,"date":"2025-08-26T18:21:00","date_gmt":"2025-08-26T22:21:00","guid":{"rendered":"https:\/\/www.elhonestomike.cl\/landing\/"},"modified":"2026-03-08T23:39:46","modified_gmt":"2026-03-09T02:39:46","slug":"landing","status":"publish","type":"page","link":"https:\/\/www.elhonestomike.cl\/en\/","title":{"rendered":"Landing"},"content":{"rendered":"<div data-elementor-type=\"wp-page\" data-elementor-id=\"15\" class=\"elementor elementor-15\">\n\t\t\t\t<div class=\"elementor-element elementor-element-a306017 e-con-full e-flex e-con e-parent\" data-id=\"a306017\" data-element_type=\"container\" data-e-type=\"container\">\n\t\t<div class=\"elementor-element elementor-element-5907dff e-flex e-con-boxed e-con e-child\" data-id=\"5907dff\" data-element_type=\"container\" data-e-type=\"container\">\n\t\t\t\t\t<div class=\"e-con-inner\">\n\t\t\t\t<div class=\"elementor-element elementor-element-c40ce0d elementor-widget elementor-widget-image\" data-id=\"c40ce0d\" data-element_type=\"widget\" data-e-type=\"widget\" data-widget_type=\"image.default\">\n\t\t\t\t\t\t\t\t\t\t\t\t\t\t\t\t<a href=\"https:\/\/www.elhonestomike.cl\/en\/\">\n\t\t\t\t\t\t\t<img fetchpriority=\"high\" decoding=\"async\" width=\"800\" height=\"800\" src=\"https:\/\/www.elhonestomike.cl\/wp-content\/uploads\/2025\/08\/Logo_EHM_blanco-comp-box-1024x1024.png\" class=\"attachment-large size-large wp-image-156\" alt=\"\" srcset=\"https:\/\/www.elhonestomike.cl\/wp-content\/uploads\/2025\/08\/Logo_EHM_blanco-comp-box-1024x1024.png 1024w, https:\/\/www.elhonestomike.cl\/wp-content\/uploads\/2025\/08\/Logo_EHM_blanco-comp-box-300x300.png 300w, https:\/\/www.elhonestomike.cl\/wp-content\/uploads\/2025\/08\/Logo_EHM_blanco-comp-box-150x150.png 150w, https:\/\/www.elhonestomike.cl\/wp-content\/uploads\/2025\/08\/Logo_EHM_blanco-comp-box-768x768.png 768w, https:\/\/www.elhonestomike.cl\/wp-content\/uploads\/2025\/08\/Logo_EHM_blanco-comp-box-1536x1536.png 1536w, https:\/\/www.elhonestomike.cl\/wp-content\/uploads\/2025\/08\/Logo_EHM_blanco-comp-box-2048x2048.png 2048w, https:\/\/www.elhonestomike.cl\/wp-content\/uploads\/2025\/08\/Logo_EHM_blanco-comp-box-600x600.png 600w, https:\/\/www.elhonestomike.cl\/wp-content\/uploads\/2025\/08\/Logo_EHM_blanco-comp-box-100x100.png 100w\" sizes=\"(max-width: 800px) 100vw, 800px\" \/>\t\t\t\t\t\t\t\t<\/a>\n\t\t\t\t\t\t\t\t\t\t\t\t\t\t\t<\/div>\n\t\t\t\t\t<\/div>\n\t\t\t\t<\/div>\n\t\t\t\t<\/div>\n\t\t<div class=\"elementor-element elementor-element-2402742 e-con-full e-flex e-con e-parent\" data-id=\"2402742\" data-element_type=\"container\" data-e-type=\"container\">\n\t\t<div class=\"elementor-element elementor-element-59140cf e-con-full e-flex e-con e-child\" data-id=\"59140cf\" data-element_type=\"container\" data-e-type=\"container\">\n\t\t\t\t<div class=\"elementor-element elementor-element-0b20f5c elementor-widget elementor-widget-heading\" data-id=\"0b20f5c\" data-element_type=\"widget\" data-e-type=\"widget\" data-widget_type=\"heading.default\">\n\t\t\t\t\t<h1 class=\"elementor-heading-title elementor-size-default\">El Honesto Mike \u2013 Burger Bar en Santiago<\/h1>\t\t\t\t<\/div>\n\t\t\t\t<div class=\"elementor-element elementor-element-3c59b36 elementor-widget elementor-widget-heading\" data-id=\"3c59b36\" data-element_type=\"widget\" data-e-type=\"widget\" data-widget_type=\"heading.default\">\n\t\t\t\t\t<h2 class=\"elementor-heading-title elementor-size-default\">Hamburguesas artesanales y cerveza en El Honesto Mike<\/h2>\t\t\t\t<\/div>\n\t\t\t\t<\/div>\n\t\t<div class=\"elementor-element elementor-element-eb2b94f e-con-full e-flex e-con e-child\" data-id=\"eb2b94f\" data-element_type=\"container\" data-e-type=\"container\" data-settings=\"{&quot;background_background&quot;:&quot;classic&quot;}\">\n\t\t<div class=\"elementor-element elementor-element-5cac453 e-con-full e-flex e-con e-child\" data-id=\"5cac453\" data-element_type=\"container\" data-e-type=\"container\">\n\t\t<div class=\"elementor-element elementor-element-046e8f5 e-grid e-con-full e-con e-child\" data-id=\"046e8f5\" data-element_type=\"container\" data-e-type=\"container\">\n\t\t<div class=\"elementor-element elementor-element-dffa734 e-con-full e-flex e-con e-child\" data-id=\"dffa734\" data-element_type=\"container\" data-e-type=\"container\">\n\t\t\t\t<div class=\"elementor-element elementor-element-f1e3aed parche-hover elementor-widget elementor-widget-image\" data-id=\"f1e3aed\" data-element_type=\"widget\" data-e-type=\"widget\" data-widget_type=\"image.default\">\n\t\t\t\t\t\t\t\t\t\t\t\t\t\t\t\t<a href=\"https:\/\/www.elhonestomike.cl\/en\/whats-new\/\">\n\t\t\t\t\t\t\t<img decoding=\"async\" width=\"800\" height=\"594\" src=\"https:\/\/www.elhonestomike.cl\/wp-content\/uploads\/2026\/03\/main-patch-1024x760.webp\" class=\"attachment-large size-large wp-image-2319\" alt=\"\" srcset=\"https:\/\/www.elhonestomike.cl\/wp-content\/uploads\/2026\/03\/main-patch-1024x760.webp 1024w, https:\/\/www.elhonestomike.cl\/wp-content\/uploads\/2026\/03\/main-patch-300x223.webp 300w, https:\/\/www.elhonestomike.cl\/wp-content\/uploads\/2026\/03\/main-patch-768x570.webp 768w, https:\/\/www.elhonestomike.cl\/wp-content\/uploads\/2026\/03\/main-patch-16x12.webp 16w, https:\/\/www.elhonestomike.cl\/wp-content\/uploads\/2026\/03\/main-patch.webp 1083w\" sizes=\"(max-width: 800px) 100vw, 800px\" \/>\t\t\t\t\t\t\t\t<\/a>\n\t\t\t\t\t\t\t\t\t\t\t\t\t\t\t<\/div>\n\t\t\t\t<\/div>\n\t\t<div class=\"elementor-element elementor-element-e4d88ae e-con-full e-flex e-con e-child\" data-id=\"e4d88ae\" data-element_type=\"container\" data-e-type=\"container\">\n\t\t\t\t<div class=\"elementor-element elementor-element-2247ffa parche-bar elementor-widget elementor-widget-image\" data-id=\"2247ffa\" data-element_type=\"widget\" data-e-type=\"widget\" data-widget_type=\"image.default\">\n\t\t\t\t\t\t\t\t\t\t\t\t\t\t\t\t<a href=\"https:\/\/www.elhonestomike.cl\/en\/reservas\/\">\n\t\t\t\t\t\t\t<img decoding=\"async\" width=\"800\" height=\"594\" src=\"https:\/\/www.elhonestomike.cl\/wp-content\/uploads\/2026\/02\/the-bar-patch-1024x760.webp\" class=\"attachment-large size-large wp-image-2068\" alt=\"\" srcset=\"https:\/\/www.elhonestomike.cl\/wp-content\/uploads\/2026\/02\/the-bar-patch-1024x760.webp 1024w, https:\/\/www.elhonestomike.cl\/wp-content\/uploads\/2026\/02\/the-bar-patch-300x223.webp 300w, https:\/\/www.elhonestomike.cl\/wp-content\/uploads\/2026\/02\/the-bar-patch-768x570.webp 768w, https:\/\/www.elhonestomike.cl\/wp-content\/uploads\/2026\/02\/the-bar-patch-16x12.webp 16w, https:\/\/www.elhonestomike.cl\/wp-content\/uploads\/2026\/02\/the-bar-patch.webp 1083w\" sizes=\"(max-width: 800px) 100vw, 800px\" \/>\t\t\t\t\t\t\t\t<\/a>\n\t\t\t\t\t\t\t\t\t\t\t\t\t\t\t<\/div>\n\t\t\t\t<\/div>\n\t\t<div class=\"elementor-element elementor-element-7894f7c e-con-full e-flex e-con e-child\" data-id=\"7894f7c\" data-element_type=\"container\" data-e-type=\"container\">\n\t\t\t\t<div class=\"elementor-element elementor-element-6d4acf7 parche-menu elementor-widget elementor-widget-image\" data-id=\"6d4acf7\" data-element_type=\"widget\" data-e-type=\"widget\" data-widget_type=\"image.default\">\n\t\t\t\t\t\t\t\t\t\t\t\t\t\t\t\t<a href=\"https:\/\/www.elhonestomike.cl\/en\/menu\/\">\n\t\t\t\t\t\t\t<img loading=\"lazy\" decoding=\"async\" width=\"800\" height=\"594\" src=\"https:\/\/www.elhonestomike.cl\/wp-content\/uploads\/2026\/02\/menu-patch-1024x760.webp\" class=\"attachment-large size-large wp-image-2066\" alt=\"\" srcset=\"https:\/\/www.elhonestomike.cl\/wp-content\/uploads\/2026\/02\/menu-patch-1024x760.webp 1024w, https:\/\/www.elhonestomike.cl\/wp-content\/uploads\/2026\/02\/menu-patch-300x223.webp 300w, https:\/\/www.elhonestomike.cl\/wp-content\/uploads\/2026\/02\/menu-patch-768x570.webp 768w, https:\/\/www.elhonestomike.cl\/wp-content\/uploads\/2026\/02\/menu-patch-16x12.webp 16w, https:\/\/www.elhonestomike.cl\/wp-content\/uploads\/2026\/02\/menu-patch.webp 1083w\" sizes=\"(max-width: 800px) 100vw, 800px\" \/>\t\t\t\t\t\t\t\t<\/a>\n\t\t\t\t\t\t\t\t\t\t\t\t\t\t\t<\/div>\n\t\t\t\t<\/div>\n\t\t<div class=\"elementor-element elementor-element-96a6ca6 e-con-full e-flex e-con e-child\" data-id=\"96a6ca6\" data-element_type=\"container\" data-e-type=\"container\">\n\t\t\t\t<div class=\"elementor-element elementor-element-6ed2206 parche-eventos elementor-widget elementor-widget-image\" data-id=\"6ed2206\" data-element_type=\"widget\" data-e-type=\"widget\" data-widget_type=\"image.default\">\n\t\t\t\t\t\t\t\t\t\t\t\t\t\t\t\t<a href=\"https:\/\/honestomike.evently.cl\" target=\"_blank\" rel=\"noopener\">\n\t\t\t\t\t\t\t<img loading=\"lazy\" decoding=\"async\" width=\"800\" height=\"594\" src=\"https:\/\/www.elhonestomike.cl\/wp-content\/uploads\/2026\/02\/eventos-patch-1024x760.webp\" class=\"attachment-large size-large wp-image-2064\" alt=\"\" srcset=\"https:\/\/www.elhonestomike.cl\/wp-content\/uploads\/2026\/02\/eventos-patch-1024x760.webp 1024w, https:\/\/www.elhonestomike.cl\/wp-content\/uploads\/2026\/02\/eventos-patch-300x223.webp 300w, https:\/\/www.elhonestomike.cl\/wp-content\/uploads\/2026\/02\/eventos-patch-768x570.webp 768w, https:\/\/www.elhonestomike.cl\/wp-content\/uploads\/2026\/02\/eventos-patch-16x12.webp 16w, https:\/\/www.elhonestomike.cl\/wp-content\/uploads\/2026\/02\/eventos-patch.webp 1083w\" sizes=\"(max-width: 800px) 100vw, 800px\" \/>\t\t\t\t\t\t\t\t<\/a>\n\t\t\t\t\t\t\t\t\t\t\t\t\t\t\t<\/div>\n\t\t\t\t<\/div>\n\t\t\t\t<\/div>\n\t\t\t\t<\/div>\n\t\t\t\t<\/div>\n\t\t<div class=\"elementor-element elementor-element-725ea84 e-con-full e-flex e-con e-child\" data-id=\"725ea84\" data-element_type=\"container\" data-e-type=\"container\">\n\t\t\t\t<div class=\"elementor-element elementor-element-5ce977a elementor-widget elementor-widget-heading\" data-id=\"5ce977a\" data-element_type=\"widget\" data-e-type=\"widget\" data-widget_type=\"heading.default\">\n\t\t\t\t\t<h2 class=\"elementor-heading-title elementor-size-default\">Burger bar en Santiago con identidad propia<\/h2>\t\t\t\t<\/div>\n\t\t\t\t<div class=\"elementor-element elementor-element-bb51cc5 elementor-widget elementor-widget-text-editor\" data-id=\"bb51cc5\" data-element_type=\"widget\" data-e-type=\"widget\" data-widget_type=\"text-editor.default\">\n\t\t\t\t\t\t\t\t\t<p>El Honesto Mike es un burger bar en Santiago creado para quienes buscan algo m\u00e1s que una hamburguesa. Ac\u00e1 se mezclan burgers artesanales, cerveza bien fr\u00eda y un ambiente donde se cruzan personas distintas, historias reales y una actitud honesta frente a la comida y la experiencia.<\/p><p>Nuestra propuesta nace desde la calle, el rock, la cultura urbana y el amor por las hamburguesas bien hechas. Cada burger est\u00e1 pensada para comerse con las manos, sin vueltas, con ingredientes de calidad y combinaciones que no se encuentran en cualquier lugar. No buscamos ser perfectos, buscamos ser reales.<\/p><p>Ubicado en Santiago, El Honesto Mike es un punto de encuentro para amigos, parejas y grupos que quieren comer bien, tomar algo y pasarla bien sin formalidades. Ac\u00e1 no hay poses: hay burgers, cerveza y buena conversaci\u00f3n.<\/p>\t\t\t\t\t\t\t\t<\/div>\n\t\t\t\t<\/div>\n\t\t\t\t<\/div>\n\t\t<div class=\"elementor-element elementor-element-acf47a9 e-con-full e-flex e-con e-parent\" data-id=\"acf47a9\" data-element_type=\"container\" data-e-type=\"container\">\n\t\t\t\t<div class=\"elementor-element elementor-element-20550b3 elementor-widget-divider--view-line elementor-widget elementor-widget-divider\" data-id=\"20550b3\" data-element_type=\"widget\" data-e-type=\"widget\" data-widget_type=\"divider.default\">\n\t\t\t\t\t\t\t<div class=\"elementor-divider\">\n\t\t\t<span class=\"elementor-divider-separator\">\n\t\t\t\t\t\t<\/span>\n\t\t<\/div>\n\t\t\t\t\t\t<\/div>\n\t\t\t\t<\/div>\n\t\t\t\t<\/div>","protected":false},"excerpt":{"rendered":"<p>El Honesto Mike \u2013 Burger Bar en Santiago Hamburguesas artesanales y cerveza en El Honesto Mike Burger bar en Santiago con identidad propia El Honesto Mike es un burger bar en Santiago creado para quienes buscan algo m\u00e1s que una hamburguesa. Ac\u00e1 se mezclan burgers artesanales, cerveza bien fr\u00eda y un ambiente donde se cruzan [&hellip;]<\/p>\n","protected":false},"author":1,"featured_media":0,"parent":0,"menu_order":0,"comment_status":"closed","ping_status":"closed","template":"","meta":{"_eb_attr":"","footnotes":""},"class_list":["post-15","page","type-page","status-publish","hentry"],"_links":{"self":[{"href":"https:\/\/www.elhonestomike.cl\/en\/wp-json\/wp\/v2\/pages\/15","targetHints":{"allow":["GET"]}}],"collection":[{"href":"https:\/\/www.elhonestomike.cl\/en\/wp-json\/wp\/v2\/pages"}],"about":[{"href":"https:\/\/www.elhonestomike.cl\/en\/wp-json\/wp\/v2\/types\/page"}],"author":[{"embeddable":true,"href":"https:\/\/www.elhonestomike.cl\/en\/wp-json\/wp\/v2\/users\/1"}],"replies":[{"embeddable":true,"href":"https:\/\/www.elhonestomike.cl\/en\/wp-json\/wp\/v2\/comments?post=15"}],"version-history":[{"count":6,"href":"https:\/\/www.elhonestomike.cl\/en\/wp-json\/wp\/v2\/pages\/15\/revisions"}],"predecessor-version":[{"id":2323,"href":"https:\/\/www.elhonestomike.cl\/en\/wp-json\/wp\/v2\/pages\/15\/revisions\/2323"}],"wp:attachment":[{"href":"https:\/\/www.elhonestomike.cl\/en\/wp-json\/wp\/v2\/media?parent=15"}],"curies":[{"name":"wp","href":"https:\/\/api.w.org\/{rel}","templated":true}]}}